{"id":3988,"date":"2023-10-07T19:33:28","date_gmt":"2023-10-07T16:33:28","guid":{"rendered":"https:\/\/ngo-damark.org\/es\/?post_type=product&#038;p=3988"},"modified":"2023-10-25T16:56:29","modified_gmt":"2023-10-25T13:56:29","slug":"the-impact-of-digital-technologies-on-human-consciousness","status":"publish","type":"product","link":"https:\/\/ngo-damark.org\/es\/product\/the-impact-of-digital-technologies-on-human-consciousness\/","title":{"rendered":"El impacto de las tecnolog\u00edas digitales en la conciencia humana"},"content":{"rendered":"<p class=\"p1\">En la era digital, la tecnolog\u00eda se ha vuelto central en nuestras vidas, presentando un nuevo desaf\u00edo: el preocupante aumento de la adicci\u00f3n a los videojuegos en los j\u00f3venes.<\/p>\n<p class=\"p2\">Con una amplia experiencia en la implementaci\u00f3n de proyectos educativos e iniciativas humanitarias, nos esforzamos por investigar la adicci\u00f3n a los videojuegos y encontrar formas de combatirla de manera efectiva.<\/p>\n<p class=\"p3\">El Centro de Investigaci\u00f3n y Rehabilitaci\u00f3n permitir\u00e1 una investigaci\u00f3n en profundidad que llevar\u00e1 a m\u00e9todos de adicci\u00f3n efectivos y pautas integrales para familias que enfrentan luchas similares.<\/p>\n<p class=\"p3\">Tu apoyo a este proyecto no solo nos ayudar\u00e1 a establecer un Centro de Investigaci\u00f3n y Rehabilitaci\u00f3n. Tambi\u00e9n contribuir\u00e1 al bienestar de innumerables ni\u00f1os y familias que luchan contra la adicci\u00f3n a los videojuegos. Con tu ayuda, podemos romper el ciclo de dependencia, guiar a las j\u00f3venes mentes de vuelta a la realidad y asegurar un futuro m\u00e1s brillante y saludable para la pr\u00f3xima generaci\u00f3n. \u00danete a nosotros en este importante viaje hacia el cambio y la transformaci\u00f3n.<\/p>\n<div class=\"widget_wc-donation-widget\" id=\"wc_donation_on_shortcode_4685\"><style>\r\n\t:root {\r\n\t\t--wc-bg-color: #1D3F8E;\r\n\t\t--wc-txt-color: #FFFFFF;\r\n\t}\r\n\r\n\t\t\t\t#wc_donation_on_shortcode_4685 .price-wrapper::before {\r\n\t\t\t\tbackground: #1D3F8E;\r\n\t\t\t\tcolor: #FFFFFF;\r\n\t\t\t}\r\n\r\n\t\t\t\t\t#wc_donation_on_shortcode_4685 .wc-input-text {\r\n\t\t\tborder-color: #1D3F8E!important;\r\n\t\t}\r\n\r\n\t\t#wc_donation_on_shortcode_4685 .checkmark {\r\n\t\t\tborder-color: #1D3F8E!important;\r\n\t\t}\r\n\t\t#wc_donation_on_shortcode_4685 .wc-label-radio input:checked ~ .checkmark {\r\n\t\t\tbackground-color: #1D3F8E;\r\n\t\t}\r\n\t\t#wc_donation_on_shortcode_4685 .wc-label-radio .checkmark:after {\r\n\t\t\tborder-color: #FFFFFF!important;\r\n\t\t}\r\n\t\t#wc_donation_on_shortcode_4685 .wc-label-button {\r\n\t\t\tborder-color: #1D3F8E!important;\r\n\t\t\tcolor: #1D3F8E!important;\r\n\t\t}\r\n\t\t#wc_donation_on_shortcode_4685 label.wc-label-button.wc-active {\r\n\t\t\tbackground-color: #1D3F8E!important;\r\n\t\t\tcolor: #FFFFFF!important;\r\n\t\t}\r\n\t\t#wc_donation_on_shortcode_4685 .wc_progressBarContainer > ul > li.wc_progress div.progressbar {\r\n\t\t\tbackground: #1D3F8E;\r\n\t\t}\r\n\t\t<\/style>\r\n<div class=\"wc-donation-in-action\" data-donation-type=\"both\">\r\n\t<div class=\"in-action-elements\">\r\n\t\t<div class=\"row1\">\r\n\t<h3 class=\"wc-donation-title\"><\/h3>\r\n\t\t\t\t<div class=\"row1\">\r\n\t\t\t\t\t\t\t\t<label class=\"wc-label-button\" for=\"4685_0_903\">\r\n\t\t\t\t\t\t<input type=\"radio\" data-id=\"4685_903\" name=\"wc_label_price\" id=\"4685_0_903\" value=\"10\">\r\n\t\t\t\t\t\t\t\t\t\t\t\t10\u20ac\t\t\t\t\t<\/label>\r\n\t\t\t\t\t\t\t\t\t\t<label class=\"wc-label-button\" for=\"4685_1_903\">\r\n\t\t\t\t\t\t<input type=\"radio\" data-id=\"4685_903\" name=\"wc_label_price\" id=\"4685_1_903\" value=\"20\">\r\n\t\t\t\t\t\t\t\t\t\t\t\t20\u20ac\t\t\t\t\t<\/label>\r\n\t\t\t\t\t\t\t\t\t\t<label class=\"wc-label-button\" for=\"4685_2_903\">\r\n\t\t\t\t\t\t<input type=\"radio\" data-id=\"4685_903\" name=\"wc_label_price\" id=\"4685_2_903\" value=\"30\">\r\n\t\t\t\t\t\t\t\t\t\t\t\t30\u20ac\t\t\t\t\t<\/label>\r\n\t\t\t\t\t\t\t\t\t<label class=\"wc-label-button\" for=\"wc-donation-other-amount-4685_903\">\r\n\t\t\t\t\t<input type=\"radio\" data-id=\"4685_903\" name=\"wc_label_price\" id=\"wc-donation-other-amount-4685_903\" value=\"wc-donation-other-amount\">\r\n\t\t\t\t\tOther\t\t\t\t<\/label>\r\n\t\t\t\t\t\t\t<\/div>\r\n\t\t\t\t\t\t<input type=\"text\" data-min=\"1\" data-max=\"100000\" data-campaign_id=\"4685\" data-rand_id=\"903\" style=\"display:none\" Placeholder=\"Enter amount between 1 - 100000\" class=\"grab-donation wc-input-text wc-donation-f-donation-other-value\" id=\"wc-donation-f-donation-other-value-4685_903\">\r\n\t\t\t<input type=\"hidden\" id=\"wc-donation-price-4685_903\" class=\"donate_4685_903\" name=\"wc-donation-price\" value=\"\"><input type=\"hidden\" id=\"wc-donation-cause-4685_903\" class=\"donate_cause_4685_903\" name=\"wc-donation-cause\" value=\"\"><\/div>\r\n<div class=\"row2\">\r\n\t<input type=\"hidden\" name=\"wc_donation_camp\" id=\"wc_donation_camp_4685_903\" class=\"wc_donation_camp\" value=\"4685\">\r\n\t<input type=\"hidden\" name=\"wc_rand_id\" class=\"wp_rand\" value=\"903\">\r\n\t<button class=\"button wc-donation-f-submit-donation\" data-min-value=\"1\" data-max-value=\"100000\" data-type=\"shortcode\" style=\"background-color:#1D3F8E;border-color:#1D3F8E;color:#FFFFFF;\" id='wc-donation-f-submit-donation' value='Donate'>Donar<\/button>\r\n<\/div>\r\n\t<\/div>\r\n<\/div>\r\n<div style=\"clear:both;height:1px;\">&nbsp;<\/div>\r\n<\/div>\n","protected":false},"excerpt":{"rendered":"<p class=\"p1\">En la era digital, la tecnolog\u00eda se ha vuelto central en nuestras vidas, presentando un nuevo desaf\u00edo: el preocupante aumento de la adicci\u00f3n a los videojuegos en los j\u00f3venes.<\/p>\n<p class=\"p2\">Con una amplia experiencia en la implementaci\u00f3n de proyectos educativos e iniciativas humanitarias, nos esforzamos por investigar la adicci\u00f3n a los videojuegos y encontrar formas de combatirla de manera efectiva.<\/p>\n<p class=\"p3\">El Centro de Investigaci\u00f3n y Rehabilitaci\u00f3n permitir\u00e1 una investigaci\u00f3n en profundidad que llevar\u00e1 a m\u00e9todos de adicci\u00f3n efectivos y pautas integrales para familias que enfrentan luchas similares.<\/p>\n<p class=\"p3\">Tu apoyo a este proyecto no solo nos ayudar\u00e1 a establecer un Centro de Investigaci\u00f3n y Rehabilitaci\u00f3n. Tambi\u00e9n contribuir\u00e1 al bienestar de innumerables ni\u00f1os y familias que luchan contra la adicci\u00f3n a los videojuegos. Con tu ayuda, podemos romper el ciclo de dependencia, guiar a las j\u00f3venes mentes de vuelta a la realidad y asegurar un futuro m\u00e1s brillante y saludable para la pr\u00f3xima generaci\u00f3n. \u00danete a nosotros en este importante viaje hacia el cambio y la transformaci\u00f3n.<\/p>\n[wc_woo_donation id=\"4685\"]\n","protected":false},"featured_media":3991,"template":"","meta":[],"product_cat":[53],"product_tag":[],"acf":[],"_links":{"self":[{"href":"https:\/\/ngo-damark.org\/es\/wp-json\/wp\/v2\/product\/3988"}],"collection":[{"href":"https:\/\/ngo-damark.org\/es\/wp-json\/wp\/v2\/product"}],"about":[{"href":"https:\/\/ngo-damark.org\/es\/wp-json\/wp\/v2\/types\/product"}],"wp:featuredmedia":[{"embeddable":true,"href":"https:\/\/ngo-damark.org\/es\/wp-json\/wp\/v2\/media\/3991"}],"wp:attachment":[{"href":"https:\/\/ngo-damark.org\/es\/wp-json\/wp\/v2\/media?parent=3988"}],"wp:term":[{"taxonomy":"product_cat","embeddable":true,"href":"https:\/\/ngo-damark.org\/es\/wp-json\/wp\/v2\/product_cat?post=3988"},{"taxonomy":"product_tag","embeddable":true,"href":"https:\/\/ngo-damark.org\/es\/wp-json\/wp\/v2\/product_tag?post=3988"}],"curies":[{"name":"wp","href":"https:\/\/api.w.org\/{rel}","templated":true}]}}