{"id":1948,"date":"2023-08-20T20:16:06","date_gmt":"2023-08-20T17:16:06","guid":{"rendered":"https:\/\/ngo-damark.org\/es\/?post_type=product&#038;p=1948"},"modified":"2023-10-25T16:46:42","modified_gmt":"2023-10-25T13:46:42","slug":"art-of-inspiration","status":"publish","type":"product","link":"https:\/\/ngo-damark.org\/es\/product\/art-of-inspiration\/","title":{"rendered":"&#8220;Mano de Ayuda&#8221; en Sud\u00e1frica&#8221;"},"content":{"rendered":"<p>Una iniciativa creada para combatir el hambre y proporcionar alimentos de calidad a personas que est\u00e1n pasando por circunstancias de vida dif\u00edciles. Entendemos lo crucial que es la comida para estos individuos y aspiramos a garantizar el acceso a ella como un derecho humano fundamental. Una nutrici\u00f3n adecuada contribuir\u00e1 a su salud, bienestar y desarrollo.<\/p>\n<p><\/p>\n<p>Invitamos a todos los que creen en la lucha contra el hambre y se preocupan por el bienestar de la comunidad a unirse a nosotros en esta iniciativa. Juntos, podemos cambiar la vida de aquellos que m\u00e1s necesitan ayuda y contribuir a la creaci\u00f3n de una sociedad justa, humana y productiva. \u00danete a &#8216;Mano de Ayuda&#8217; hoy para hacer colectivamente un impacto positivo y ampliar nuestro alcance para el bienestar en el sur de \u00c1frica.<\/p>\n<div class=\"widget_wc-donation-widget\" id=\"wc_donation_on_shortcode_4676\"><style>\r\n\t:root {\r\n\t\t--wc-bg-color: #1D3F8E;\r\n\t\t--wc-txt-color: #FFFFFF;\r\n\t}\r\n\r\n\t\t\t\t#wc_donation_on_shortcode_4676 .price-wrapper::before {\r\n\t\t\t\tbackground: #1D3F8E;\r\n\t\t\t\tcolor: #FFFFFF;\r\n\t\t\t}\r\n\r\n\t\t\t\t\t#wc_donation_on_shortcode_4676 .wc-input-text {\r\n\t\t\tborder-color: #1D3F8E!important;\r\n\t\t}\r\n\r\n\t\t#wc_donation_on_shortcode_4676 .checkmark {\r\n\t\t\tborder-color: #1D3F8E!important;\r\n\t\t}\r\n\t\t#wc_donation_on_shortcode_4676 .wc-label-radio input:checked ~ .checkmark {\r\n\t\t\tbackground-color: #1D3F8E;\r\n\t\t}\r\n\t\t#wc_donation_on_shortcode_4676 .wc-label-radio .checkmark:after {\r\n\t\t\tborder-color: #FFFFFF!important;\r\n\t\t}\r\n\t\t#wc_donation_on_shortcode_4676 .wc-label-button {\r\n\t\t\tborder-color: #1D3F8E!important;\r\n\t\t\tcolor: #1D3F8E!important;\r\n\t\t}\r\n\t\t#wc_donation_on_shortcode_4676 label.wc-label-button.wc-active {\r\n\t\t\tbackground-color: #1D3F8E!important;\r\n\t\t\tcolor: #FFFFFF!important;\r\n\t\t}\r\n\t\t#wc_donation_on_shortcode_4676 .wc_progressBarContainer > ul > li.wc_progress div.progressbar {\r\n\t\t\tbackground: #1D3F8E;\r\n\t\t}\r\n\t\t<\/style>\r\n<div class=\"wc-donation-in-action\" data-donation-type=\"both\">\r\n\t<div class=\"in-action-elements\">\r\n\t\t<div class=\"row1\">\r\n\t<h3 class=\"wc-donation-title\"><\/h3>\r\n\t\t\t\t<div class=\"row1\">\r\n\t\t\t\t\t\t\t\t<label class=\"wc-label-button\" for=\"4676_0_475\">\r\n\t\t\t\t\t\t<input type=\"radio\" data-id=\"4676_475\" name=\"wc_label_price\" id=\"4676_0_475\" value=\"10\">\r\n\t\t\t\t\t\t\t\t\t\t\t\t10\u20ac\t\t\t\t\t<\/label>\r\n\t\t\t\t\t\t\t\t\t\t<label class=\"wc-label-button\" for=\"4676_1_475\">\r\n\t\t\t\t\t\t<input type=\"radio\" data-id=\"4676_475\" name=\"wc_label_price\" id=\"4676_1_475\" value=\"20\">\r\n\t\t\t\t\t\t\t\t\t\t\t\t20\u20ac\t\t\t\t\t<\/label>\r\n\t\t\t\t\t\t\t\t\t\t<label class=\"wc-label-button\" for=\"4676_2_475\">\r\n\t\t\t\t\t\t<input type=\"radio\" data-id=\"4676_475\" name=\"wc_label_price\" id=\"4676_2_475\" value=\"30\">\r\n\t\t\t\t\t\t\t\t\t\t\t\t30\u20ac\t\t\t\t\t<\/label>\r\n\t\t\t\t\t\t\t\t\t<label class=\"wc-label-button\" for=\"wc-donation-other-amount-4676_475\">\r\n\t\t\t\t\t<input type=\"radio\" data-id=\"4676_475\" name=\"wc_label_price\" id=\"wc-donation-other-amount-4676_475\" value=\"wc-donation-other-amount\">\r\n\t\t\t\t\tOther\t\t\t\t<\/label>\r\n\t\t\t\t\t\t\t<\/div>\r\n\t\t\t\t\t\t<input type=\"text\" data-min=\"0\" data-max=\"\" data-campaign_id=\"4676\" data-rand_id=\"475\" style=\"display:none\" Placeholder=\"Enter amount between 0 - \" class=\"grab-donation wc-input-text wc-donation-f-donation-other-value\" id=\"wc-donation-f-donation-other-value-4676_475\">\r\n\t\t\t<input type=\"hidden\" id=\"wc-donation-price-4676_475\" class=\"donate_4676_475\" name=\"wc-donation-price\" value=\"\"><input type=\"hidden\" id=\"wc-donation-cause-4676_475\" class=\"donate_cause_4676_475\" name=\"wc-donation-cause\" value=\"\"><\/div>\r\n<div class=\"row2\">\r\n\t<input type=\"hidden\" name=\"wc_donation_camp\" id=\"wc_donation_camp_4676_475\" class=\"wc_donation_camp\" value=\"4676\">\r\n\t<input type=\"hidden\" name=\"wc_rand_id\" class=\"wp_rand\" value=\"475\">\r\n\t<button class=\"button wc-donation-f-submit-donation\" data-min-value=\"0\" data-max-value=\"\" data-type=\"shortcode\" style=\"background-color:#1D3F8E;border-color:#1D3F8E;color:#FFFFFF;\" id='wc-donation-f-submit-donation' value='Donate'>Donar<\/button>\r\n<\/div>\r\n\t<\/div>\r\n<\/div>\r\n<div style=\"clear:both;height:1px;\">&nbsp;<\/div>\r\n<\/div>\n","protected":false},"excerpt":{"rendered":"<p>Una iniciativa creada para combatir el hambre y proporcionar alimentos de calidad a personas que est\u00e1n pasando por circunstancias de vida dif\u00edciles. Entendemos lo crucial que es la comida para estos individuos y aspiramos a garantizar el acceso a ella como un derecho humano fundamental. Una nutrici\u00f3n adecuada contribuir\u00e1 a su salud, bienestar y desarrollo.<\/p>\n<p><\/p>\n<p>Invitamos a todos los que creen en la lucha contra el hambre y se preocupan por el bienestar de la comunidad a unirse a nosotros en esta iniciativa. Juntos, podemos cambiar la vida de aquellos que m\u00e1s necesitan ayuda y contribuir a la creaci\u00f3n de una sociedad justa, humana y productiva. \u00danete a &#8216;Mano de Ayuda&#8217; hoy para hacer colectivamente un impacto positivo y ampliar nuestro alcance para el bienestar en el sur de \u00c1frica.<\/p>\n[wc_woo_donation id=\"4676\"]\n","protected":false},"featured_media":2377,"template":"","meta":[],"product_cat":[53],"product_tag":[],"acf":[],"_links":{"self":[{"href":"https:\/\/ngo-damark.org\/es\/wp-json\/wp\/v2\/product\/1948"}],"collection":[{"href":"https:\/\/ngo-damark.org\/es\/wp-json\/wp\/v2\/product"}],"about":[{"href":"https:\/\/ngo-damark.org\/es\/wp-json\/wp\/v2\/types\/product"}],"wp:featuredmedia":[{"embeddable":true,"href":"https:\/\/ngo-damark.org\/es\/wp-json\/wp\/v2\/media\/2377"}],"wp:attachment":[{"href":"https:\/\/ngo-damark.org\/es\/wp-json\/wp\/v2\/media?parent=1948"}],"wp:term":[{"taxonomy":"product_cat","embeddable":true,"href":"https:\/\/ngo-damark.org\/es\/wp-json\/wp\/v2\/product_cat?post=1948"},{"taxonomy":"product_tag","embeddable":true,"href":"https:\/\/ngo-damark.org\/es\/wp-json\/wp\/v2\/product_tag?post=1948"}],"curies":[{"name":"wp","href":"https:\/\/api.w.org\/{rel}","templated":true}]}}