{"id":1946,"date":"2023-08-20T20:13:18","date_gmt":"2023-08-20T17:13:18","guid":{"rendered":"https:\/\/ngo-damark.org\/es\/?post_type=product&#038;p=1946"},"modified":"2023-10-25T16:51:37","modified_gmt":"2023-10-25T13:51:37","slug":"children-of-hope","status":"publish","type":"product","link":"https:\/\/ngo-damark.org\/es\/product\/children-of-hope\/","title":{"rendered":"Centro Educativo en Valencia, Espa\u00f1a"},"content":{"rendered":"<p>Nos esforzamos por hacer la vida diaria m\u00e1s f\u00e1cil para las personas que han sido desplazadas forzosamente. Es por eso que proporcionamos un entorno c\u00f3modo donde los individuos pueden crecer y descubrir nuevas oportunidades. Creemos que la educaci\u00f3n es la clave para el desarrollo personal y profesional de cada individuo. Nuestra motivaci\u00f3n reside en presenciar los cambios positivos que la educaci\u00f3n puede traer a la vida de estas personas.<\/p>\n<p><\/p>\n<p>Es por eso que hemos abierto nuestro propio centro de aprendizaje, donde organizamos diversos eventos educativos, cursos e implementamos programas de aprendizaje que ayudan a las personas desplazadas de Ucrania a ampliar sus conocimientos, habilidades y oportunidades profesionales.<\/p>\n<p><\/p>\n<p>Nuestro centro educativo es un paso significativo para facilitar la integraci\u00f3n de los desplazados, \u00a1ayud\u00e1ndoles a construir un futuro exitoso!<\/p>\n<div class=\"widget_wc-donation-widget\" id=\"wc_donation_on_shortcode_4679\"><style>\r\n\t:root {\r\n\t\t--wc-bg-color: #1D3F8E;\r\n\t\t--wc-txt-color: #FFFFFF;\r\n\t}\r\n\r\n\t\t\t\t#wc_donation_on_shortcode_4679 .price-wrapper::before {\r\n\t\t\t\tbackground: #1D3F8E;\r\n\t\t\t\tcolor: #FFFFFF;\r\n\t\t\t}\r\n\r\n\t\t\t\t\t#wc_donation_on_shortcode_4679 .wc-input-text {\r\n\t\t\tborder-color: #1D3F8E!important;\r\n\t\t}\r\n\r\n\t\t#wc_donation_on_shortcode_4679 .checkmark {\r\n\t\t\tborder-color: #1D3F8E!important;\r\n\t\t}\r\n\t\t#wc_donation_on_shortcode_4679 .wc-label-radio input:checked ~ .checkmark {\r\n\t\t\tbackground-color: #1D3F8E;\r\n\t\t}\r\n\t\t#wc_donation_on_shortcode_4679 .wc-label-radio .checkmark:after {\r\n\t\t\tborder-color: #FFFFFF!important;\r\n\t\t}\r\n\t\t#wc_donation_on_shortcode_4679 .wc-label-button {\r\n\t\t\tborder-color: #1D3F8E!important;\r\n\t\t\tcolor: #1D3F8E!important;\r\n\t\t}\r\n\t\t#wc_donation_on_shortcode_4679 label.wc-label-button.wc-active {\r\n\t\t\tbackground-color: #1D3F8E!important;\r\n\t\t\tcolor: #FFFFFF!important;\r\n\t\t}\r\n\t\t#wc_donation_on_shortcode_4679 .wc_progressBarContainer > ul > li.wc_progress div.progressbar {\r\n\t\t\tbackground: #1D3F8E;\r\n\t\t}\r\n\t\t<\/style>\r\n<div class=\"wc-donation-in-action\" data-donation-type=\"both\">\r\n\t<div class=\"in-action-elements\">\r\n\t\t<div class=\"row1\">\r\n\t<h3 class=\"wc-donation-title\"><\/h3>\r\n\t\t\t\t<div class=\"row1\">\r\n\t\t\t\t\t\t\t\t<label class=\"wc-label-button\" for=\"4679_0_868\">\r\n\t\t\t\t\t\t<input type=\"radio\" data-id=\"4679_868\" name=\"wc_label_price\" id=\"4679_0_868\" value=\"10\">\r\n\t\t\t\t\t\t\t\t\t\t\t\t10\u20ac\t\t\t\t\t<\/label>\r\n\t\t\t\t\t\t\t\t\t\t<label class=\"wc-label-button\" for=\"4679_1_868\">\r\n\t\t\t\t\t\t<input type=\"radio\" data-id=\"4679_868\" name=\"wc_label_price\" id=\"4679_1_868\" value=\"20\">\r\n\t\t\t\t\t\t\t\t\t\t\t\t20\u20ac\t\t\t\t\t<\/label>\r\n\t\t\t\t\t\t\t\t\t\t<label class=\"wc-label-button\" for=\"4679_2_868\">\r\n\t\t\t\t\t\t<input type=\"radio\" data-id=\"4679_868\" name=\"wc_label_price\" id=\"4679_2_868\" value=\"30\">\r\n\t\t\t\t\t\t\t\t\t\t\t\t30\u20ac\t\t\t\t\t<\/label>\r\n\t\t\t\t\t\t\t\t\t<label class=\"wc-label-button\" for=\"wc-donation-other-amount-4679_868\">\r\n\t\t\t\t\t<input type=\"radio\" data-id=\"4679_868\" name=\"wc_label_price\" id=\"wc-donation-other-amount-4679_868\" value=\"wc-donation-other-amount\">\r\n\t\t\t\t\tOther\t\t\t\t<\/label>\r\n\t\t\t\t\t\t\t<\/div>\r\n\t\t\t\t\t\t<input type=\"text\" data-min=\"0\" data-max=\"\" data-campaign_id=\"4679\" data-rand_id=\"868\" style=\"display:none\" Placeholder=\"Enter amount between 0 - \" class=\"grab-donation wc-input-text wc-donation-f-donation-other-value\" id=\"wc-donation-f-donation-other-value-4679_868\">\r\n\t\t\t<input type=\"hidden\" id=\"wc-donation-price-4679_868\" class=\"donate_4679_868\" name=\"wc-donation-price\" value=\"\"><input type=\"hidden\" id=\"wc-donation-cause-4679_868\" class=\"donate_cause_4679_868\" name=\"wc-donation-cause\" value=\"\"><\/div>\r\n<div class=\"row2\">\r\n\t<input type=\"hidden\" name=\"wc_donation_camp\" id=\"wc_donation_camp_4679_868\" class=\"wc_donation_camp\" value=\"4679\">\r\n\t<input type=\"hidden\" name=\"wc_rand_id\" class=\"wp_rand\" value=\"868\">\r\n\t<button class=\"button wc-donation-f-submit-donation\" data-min-value=\"0\" data-max-value=\"\" data-type=\"shortcode\" style=\"background-color:#1D3F8E;border-color:#1D3F8E;color:#FFFFFF;\" id='wc-donation-f-submit-donation' value='Donate'>Donar<\/button>\r\n<\/div>\r\n\t<\/div>\r\n<\/div>\r\n<div style=\"clear:both;height:1px;\">&nbsp;<\/div>\r\n<\/div>\n","protected":false},"excerpt":{"rendered":"<p>Nos esforzamos por hacer la vida diaria m\u00e1s f\u00e1cil para las personas que han sido desplazadas forzosamente. Es por eso que proporcionamos un entorno c\u00f3modo donde los individuos pueden crecer y descubrir nuevas oportunidades. Creemos que la educaci\u00f3n es la clave para el desarrollo personal y profesional de cada individuo. Nuestra motivaci\u00f3n reside en presenciar los cambios positivos que la educaci\u00f3n puede traer a la vida de estas personas.<\/p>\n<p><\/p>\n<p>Es por eso que hemos abierto nuestro propio centro de aprendizaje, donde organizamos diversos eventos educativos, cursos e implementamos programas de aprendizaje que ayudan a las personas desplazadas de Ucrania a ampliar sus conocimientos, habilidades y oportunidades profesionales.<\/p>\n<p><\/p>\n<p>Nuestro centro educativo es un paso significativo para facilitar la integraci\u00f3n de los desplazados, \u00a1ayud\u00e1ndoles a construir un futuro exitoso!<\/p>\n[wc_woo_donation id=\"4679\"]\n","protected":false},"featured_media":2380,"template":"","meta":[],"product_cat":[53],"product_tag":[],"acf":[],"_links":{"self":[{"href":"https:\/\/ngo-damark.org\/es\/wp-json\/wp\/v2\/product\/1946"}],"collection":[{"href":"https:\/\/ngo-damark.org\/es\/wp-json\/wp\/v2\/product"}],"about":[{"href":"https:\/\/ngo-damark.org\/es\/wp-json\/wp\/v2\/types\/product"}],"wp:featuredmedia":[{"embeddable":true,"href":"https:\/\/ngo-damark.org\/es\/wp-json\/wp\/v2\/media\/2380"}],"wp:attachment":[{"href":"https:\/\/ngo-damark.org\/es\/wp-json\/wp\/v2\/media?parent=1946"}],"wp:term":[{"taxonomy":"product_cat","embeddable":true,"href":"https:\/\/ngo-damark.org\/es\/wp-json\/wp\/v2\/product_cat?post=1946"},{"taxonomy":"product_tag","embeddable":true,"href":"https:\/\/ngo-damark.org\/es\/wp-json\/wp\/v2\/product_tag?post=1946"}],"curies":[{"name":"wp","href":"https:\/\/api.w.org\/{rel}","templated":true}]}}