{"id":1944,"date":"2023-08-20T20:11:35","date_gmt":"2023-08-20T17:11:35","guid":{"rendered":"https:\/\/ngo-damark.org\/es\/?post_type=product&#038;p=1944"},"modified":"2023-10-25T16:53:49","modified_gmt":"2023-10-25T13:53:49","slug":"green-horizons","status":"publish","type":"product","link":"https:\/\/ngo-damark.org\/es\/product\/green-horizons\/","title":{"rendered":"Ayuda Humanitaria para Ucrania"},"content":{"rendered":"<p>Sentimos una profunda empat\u00eda por aquellos que se han encontrado en posiciones vulnerables debido a acciones militares. Es importante para nosotros asistir a aquellos que necesitan recursos esenciales para la vida (alimentos, medicinas y otras necesidades b\u00e1sicas) para garantizar su bienestar f\u00edsico y emocional. Creemos que cada peque\u00f1a ayuda, independientemente de su escala, puede tener un impacto significativo y ayudar a resistir los desaf\u00edos de tiempos dif\u00edciles.<\/p>\n<div class=\"widget_wc-donation-widget\" id=\"wc_donation_on_shortcode_4682\"><style>\r\n\t:root {\r\n\t\t--wc-bg-color: #1D3F8E;\r\n\t\t--wc-txt-color: #FFFFFF;\r\n\t}\r\n\r\n\t\t\t\t#wc_donation_on_shortcode_4682 .price-wrapper::before {\r\n\t\t\t\tbackground: #1D3F8E;\r\n\t\t\t\tcolor: #FFFFFF;\r\n\t\t\t}\r\n\r\n\t\t\t\t\t#wc_donation_on_shortcode_4682 .wc-input-text {\r\n\t\t\tborder-color: #1D3F8E!important;\r\n\t\t}\r\n\r\n\t\t#wc_donation_on_shortcode_4682 .checkmark {\r\n\t\t\tborder-color: #1D3F8E!important;\r\n\t\t}\r\n\t\t#wc_donation_on_shortcode_4682 .wc-label-radio input:checked ~ .checkmark {\r\n\t\t\tbackground-color: #1D3F8E;\r\n\t\t}\r\n\t\t#wc_donation_on_shortcode_4682 .wc-label-radio .checkmark:after {\r\n\t\t\tborder-color: #FFFFFF!important;\r\n\t\t}\r\n\t\t#wc_donation_on_shortcode_4682 .wc-label-button {\r\n\t\t\tborder-color: #1D3F8E!important;\r\n\t\t\tcolor: #1D3F8E!important;\r\n\t\t}\r\n\t\t#wc_donation_on_shortcode_4682 label.wc-label-button.wc-active {\r\n\t\t\tbackground-color: #1D3F8E!important;\r\n\t\t\tcolor: #FFFFFF!important;\r\n\t\t}\r\n\t\t#wc_donation_on_shortcode_4682 .wc_progressBarContainer > ul > li.wc_progress div.progressbar {\r\n\t\t\tbackground: #1D3F8E;\r\n\t\t}\r\n\t\t<\/style>\r\n<div class=\"wc-donation-in-action\" data-donation-type=\"both\">\r\n\t<div class=\"in-action-elements\">\r\n\t\t<div class=\"row1\">\r\n\t<h3 class=\"wc-donation-title\"><\/h3>\r\n\t\t\t\t<div class=\"row1\">\r\n\t\t\t\t\t\t\t\t<label class=\"wc-label-button\" for=\"4682_0_483\">\r\n\t\t\t\t\t\t<input type=\"radio\" data-id=\"4682_483\" name=\"wc_label_price\" id=\"4682_0_483\" value=\"10\">\r\n\t\t\t\t\t\t\t\t\t\t\t\t10\u20ac\t\t\t\t\t<\/label>\r\n\t\t\t\t\t\t\t\t\t\t<label class=\"wc-label-button\" for=\"4682_1_483\">\r\n\t\t\t\t\t\t<input type=\"radio\" data-id=\"4682_483\" name=\"wc_label_price\" id=\"4682_1_483\" value=\"20\">\r\n\t\t\t\t\t\t\t\t\t\t\t\t20\u20ac\t\t\t\t\t<\/label>\r\n\t\t\t\t\t\t\t\t\t\t<label class=\"wc-label-button\" for=\"4682_2_483\">\r\n\t\t\t\t\t\t<input type=\"radio\" data-id=\"4682_483\" name=\"wc_label_price\" id=\"4682_2_483\" value=\"30\">\r\n\t\t\t\t\t\t\t\t\t\t\t\t30\u20ac\t\t\t\t\t<\/label>\r\n\t\t\t\t\t\t\t\t\t<label class=\"wc-label-button\" for=\"wc-donation-other-amount-4682_483\">\r\n\t\t\t\t\t<input type=\"radio\" data-id=\"4682_483\" name=\"wc_label_price\" id=\"wc-donation-other-amount-4682_483\" value=\"wc-donation-other-amount\">\r\n\t\t\t\t\tOther\t\t\t\t<\/label>\r\n\t\t\t\t\t\t\t<\/div>\r\n\t\t\t\t\t\t<input type=\"text\" data-min=\"0\" data-max=\"\" data-campaign_id=\"4682\" data-rand_id=\"483\" style=\"display:none\" Placeholder=\"Enter amount between 0 - \" class=\"grab-donation wc-input-text wc-donation-f-donation-other-value\" id=\"wc-donation-f-donation-other-value-4682_483\">\r\n\t\t\t<input type=\"hidden\" id=\"wc-donation-price-4682_483\" class=\"donate_4682_483\" name=\"wc-donation-price\" value=\"\"><input type=\"hidden\" id=\"wc-donation-cause-4682_483\" class=\"donate_cause_4682_483\" name=\"wc-donation-cause\" value=\"\"><\/div>\r\n<div class=\"row2\">\r\n\t<input type=\"hidden\" name=\"wc_donation_camp\" id=\"wc_donation_camp_4682_483\" class=\"wc_donation_camp\" value=\"4682\">\r\n\t<input type=\"hidden\" name=\"wc_rand_id\" class=\"wp_rand\" value=\"483\">\r\n\t<button class=\"button wc-donation-f-submit-donation\" data-min-value=\"0\" data-max-value=\"\" data-type=\"shortcode\" style=\"background-color:#1D3F8E;border-color:#1D3F8E;color:#FFFFFF;\" id='wc-donation-f-submit-donation' value='Donate'>Donar<\/button>\r\n<\/div>\r\n\t<\/div>\r\n<\/div>\r\n<div style=\"clear:both;height:1px;\">&nbsp;<\/div>\r\n<\/div>\n","protected":false},"excerpt":{"rendered":"<p>Sentimos una profunda empat\u00eda por aquellos que se han encontrado en posiciones vulnerables debido a acciones militares. Es importante para nosotros asistir a aquellos que necesitan recursos esenciales para la vida (alimentos, medicinas y otras necesidades b\u00e1sicas) para garantizar su bienestar f\u00edsico y emocional. Creemos que cada peque\u00f1a ayuda, independientemente de su escala, puede tener un impacto significativo y ayudar a resistir los desaf\u00edos de tiempos dif\u00edciles.<\/p>\n[wc_woo_donation id=\"4682\"]\n","protected":false},"featured_media":2382,"template":"","meta":[],"product_cat":[53],"product_tag":[],"acf":[],"_links":{"self":[{"href":"https:\/\/ngo-damark.org\/es\/wp-json\/wp\/v2\/product\/1944"}],"collection":[{"href":"https:\/\/ngo-damark.org\/es\/wp-json\/wp\/v2\/product"}],"about":[{"href":"https:\/\/ngo-damark.org\/es\/wp-json\/wp\/v2\/types\/product"}],"wp:featuredmedia":[{"embeddable":true,"href":"https:\/\/ngo-damark.org\/es\/wp-json\/wp\/v2\/media\/2382"}],"wp:attachment":[{"href":"https:\/\/ngo-damark.org\/es\/wp-json\/wp\/v2\/media?parent=1944"}],"wp:term":[{"taxonomy":"product_cat","embeddable":true,"href":"https:\/\/ngo-damark.org\/es\/wp-json\/wp\/v2\/product_cat?post=1944"},{"taxonomy":"product_tag","embeddable":true,"href":"https:\/\/ngo-damark.org\/es\/wp-json\/wp\/v2\/product_tag?post=1944"}],"curies":[{"name":"wp","href":"https:\/\/api.w.org\/{rel}","templated":true}]}}